{"id":30,"date":"2025-01-13T18:04:22","date_gmt":"2025-01-13T17:04:22","guid":{"rendered":"https:\/\/mywedding.chi-lam.de\/?page_id=30"},"modified":"2025-10-09T22:25:36","modified_gmt":"2025-10-09T20:25:36","slug":"will-you-attend-the-wedding","status":"publish","type":"page","link":"https:\/\/mywedding.chi-lam.de\/?page_id=30","title":{"rendered":"The Venue"},"content":{"rendered":"\n<p class=\"wedding-title\">\r\n  <strong>Duyen &amp; Lam<\/strong>\r\n<\/p>\n\n\n\n<p class=\"has-text-align-center\" style=\"font-size:22px\">Save the Date<\/p>\n\n\n<div class=\"wp-block-image\">\n<figure class=\"aligncenter size-full\"><img loading=\"lazy\" decoding=\"async\" width=\"640\" height=\"731\" src=\"https:\/\/mywedding.chi-lam.de\/wp-content\/uploads\/2025\/08\/i-Fw77f2n-X2-e1754254351394.jpg\" alt=\"\" class=\"wp-image-367\" srcset=\"https:\/\/mywedding.chi-lam.de\/wp-content\/uploads\/2025\/08\/i-Fw77f2n-X2-e1754254351394.jpg 640w, https:\/\/mywedding.chi-lam.de\/wp-content\/uploads\/2025\/08\/i-Fw77f2n-X2-e1754254351394-263x300.jpg 263w\" sizes=\"auto, (max-width: 640px) 100vw, 640px\" \/><\/figure>\n<\/div>\n\n\n<p class=\"has-text-align-center\" style=\"font-size: 15px;\">\n  TOGETHER WITH THEIR FAMILIES\n<\/p>\n\n\n\n<p class=\"has-text-align-center\"><\/p>\n\n\n\n<div style=\"height:0px\" aria-hidden=\"true\" class=\"wp-block-spacer\"><\/div>\n\n\n\n<figure class=\"wp-block-table\"><table class=\"has-fixed-layout\"><tbody><tr><td class=\"has-text-align-center\" data-align=\"center\"><strong>The Bride<\/strong><br \/>DUYEN LY<\/td><td class=\"has-text-align-center\" data-align=\"center\"><strong>The Groom<\/strong><br \/>CHI LAM TRUONG<\/td><\/tr><\/tbody><\/table><\/figure>\n\n\n\n<p><\/p>\n\n\n\n<p class=\"has-text-align-center\">JOYFULLY INVITE YOU TO THEIR WEDDING CELEBRATION<br \/><br \/><em>Tr\u00e2n tr\u1ecdng k\u00ednh m\u1eddi Qu\u00fd Kh\u00e1ch \u0111\u1ebfn d\u1ef1 ti\u1ec7c chung vui c\u00f9ng gia&nbsp;\u0111\u00ecnh&nbsp;ch\u00fang&nbsp;t\u00f4i<\/em> <em>t\u1ea1i<\/em><\/p>\n\n\n\n<p class=\"has-text-align-center\" style=\"line-height: 2.2;\">\n<a href=\"https:\/\/maps.app.goo.gl\/SYVEKsrJLesAJdks9\" target=\"_blank\">\n  <img decoding=\"async\" src=\"https:\/\/static.wixstatic.com\/media\/ee725e_965f12fd21484586af7523a3efb38c63~mv2.png\/v1\/fill\/w_2500,h_2000,al_c\/Lotte%20Hotel-01.png\" \n    alt=\"Lotte Hotel Saigon\" \n    style=\"max-width:50%; height:auto; display:block; margin:0 auto;\"\/>\n<\/a>\n<strong style=\"font-size: 18px;\">TUESDAY 18TH NOVEMBER 2025<\/strong><br \/>\n<\/p><p style=\"font-size: 15px; text-align: center; margin: 5px 0;\">AT 18.00<\/p>\n\n\n\n\n<div style=\"height:40px\" aria-hidden=\"true\" class=\"wp-block-spacer\"><\/div>\n\n\n\n<style>\n  .dresscode {\n    font-size: 20px;\n    font-weight: 600;\n    margin-bottom: 8px;\n  }\n\n  .dot-row {\n    display: flex;\n    gap: 12px;\n    justify-content: flex-start; \/* linksb\u00fcndig *\/\n    align-items: center;\n    padding: 8px 0 16px;\n  }\n\n  .dot {\n    width: 24px;\n    height: 24px;\n    border-radius: 50%;\n    box-shadow: 0 2px 6px rgba(0,0,0,0.08);\n  }\n\n  .dot.blue   { background: #D6F0FF; }\n  .dot.green  { background: #DFF8E6; }\n  .dot.pink   { background: #FBDCE4; }\n  .dot.yellow { background: #FFF9D9; }\n<\/style>\n\n<div>\n  <p class=\"dresscode\" style=\"font-size: 14px;\">DRESSCODE| G\u1ee2I \u00dd TRANG PH\u1ee4C<\/p>\n  <div class=\"dot-row\">\n    <div class=\"dot blue\"><\/div>\n    <div class=\"dot green\"><\/div>\n    <div class=\"dot pink\"><\/div>\n    <div class=\"dot yellow\"><\/div>\n  <\/div>\n<\/div>\n\n\n\n<div style=\"height:80px\" aria-hidden=\"true\" class=\"wp-block-spacer\"><\/div>\n\n\n\n<p class=\"no-margin-bottom\" style=\"font-family: 'Great Vibes', cursive; font-weight: 400; line-height: 1.1;\">\n  <strong style=\"font-size:26px;\">RSVP<\/strong>\n<\/p>\n <p style=\"font-size: 15px;\">Please kindly respond by 11th November 2025 <br \/>\n<i>Xin Qu\u00fd Kh\u00e1ch vui l\u00f2ng ph\u00fac \u0111\u00e1p tr\u01b0\u1edbc ng\u00e0y 11.11.2025<\/i><\/p>\n\n\n<div style=\"background-color:#f0f0f0; padding:20px; border-radius:8px; max-width:600px;\"><form method=\"post\" action=\"\">\r\n        <p>\r\n            <label for=\"rsvp_name\" style=\"font-size: 15px;\">Name \/\/ <i>T\u00ean<\/i><span style=\"color:red\"> *<\/span><\/label><br>\r\n            <input type=\"text\" name=\"rsvp_name\" id=\"rsvp_name\" value=\"\" required>\r\n        <\/p>\r\n        <p>\r\n            <label for=\"rsvp_response\">Will you be able to attend? \/\/ <i>Qu\u00fd kh\u00e1ch c\u00f3 th\u1ec3 tham d\u1ef1 kh\u00f4ng?<\/i><span style=\"color:red\"> *<\/span><\/label><br>\r\n            <select name=\"rsvp_response\" id=\"rsvp_response\" required>\r\n                <option value=\"\">-- Please select --<\/option>\r\n                <option value=\"Yes\" >Happily accepts \/\/ <i>T\u00f4i s\u1ebd \u0111\u1ebfn tham d\u1ef1 <\/i><\/option>\r\n                <option value=\"No\" >Regretfully declines \/\/ <i>R\u1ea5t ti\u1ebfc, t\u00f4i kh\u00f4ng th\u1ec3\u00a0tham\u00a0d\u1ef1<\/i><\/option>\r\n            <\/select>\r\n        <\/p>\r\n        <p id=\"participants_field\" style=\"display:none;\">\r\n            <label for=\"rsvp_participants\">Number of attendees (including you) \/\/ <i>S\u1ed1 ng\u01b0\u1eddi tham\u00a0d\u1ef1 <\/i><\/label><br>\r\n            <input type=\"number\" name=\"rsvp_participants\" id=\"rsvp_participants\" min=\"1\" value=\"1\">\r\n        <\/p>\r\n        <p>\r\n            <label for=\"rsvp_message\">Message (optional) \/\/ <i>L\u1eddi nh\u1eafn<\/i><\/label><br>\r\n            <textarea name=\"rsvp_message\" id=\"rsvp_message\" rows=\"4\" cols=\"40\"><\/textarea>\r\n        <\/p>\r\n        <p>\r\n            <button type=\"submit\" name=\"rsvp_submit\" class=\"button button-primary\"\r\n        style=\"font-size: 16px; padding: 8px 20px; border-radius: 6px;\">\r\n    Submit \/ <em>G\u1eedi \u0111i<\/em>\r\n<\/button>\r\n        <\/p>\r\n    <\/form>\r\n\r\n    <script>\r\n        function toggleParticipantsField(val) {\r\n            const field = document.getElementById('participants_field');\r\n            if (val === 'Yes') {\r\n                field.style.display = 'block';\r\n            } else {\r\n                field.style.display = 'none';\r\n            }\r\n        }\r\n\r\n        document.addEventListener('DOMContentLoaded', function () {\r\n            const response = document.getElementById('rsvp_response');\r\n            toggleParticipantsField(response.value);\r\n            response.addEventListener('change', function () {\r\n                toggleParticipantsField(this.value);\r\n            });\r\n        });\r\n    <\/script>\r\n\r\n<script>\r\ndocument.addEventListener('DOMContentLoaded', function () {\r\n    const response = document.getElementById('rsvp_response');\r\n    toggleParticipantsField(response.value);\r\n    response.addEventListener('change', function () {\r\n        toggleParticipantsField(this.value);\r\n    });\r\n\r\n    \/\/ Prevent double submit\r\n    const form = document.querySelector('form');\r\n    const submitBtn = form.querySelector('input[type=\"submit\"]');\r\n\r\n    form.addEventListener('submit', function () {\r\n        submitBtn.disabled = true;\r\n        submitBtn.value = \"Sending...\";\r\n\r\n        setTimeout(function () {\r\n            submitBtn.disabled = false;\r\n            submitBtn.value = \"Submit\";\r\n        }, 3000); \/\/ 3 Sekunden\r\n    });\r\n});\r\n<\/script>\r\n\r\n\r\n\r\n<\/div>\n\n\n\n<div style=\"height:30px\" aria-hidden=\"true\" class=\"wp-block-spacer\"><\/div>\n\n\n\n<p class=\"has-text-align-center\">\n  <strong>We would be delighted to have you on this special <\/strong><strong>occasion<\/strong> \u2665\n<\/p>\n\n\n\n<div class=\"countdown-wrapper\">\n  <div id=\"countdown-numbers\" class=\"countdown-row\"><\/div>\n  <div id=\"countdown-labels\" class=\"countdown-row\"><\/div>\n<\/div>\n<div id=\"countdown-wrapper\"><\/div>\n\n\n\n<p><\/p>\n\n\n\n<p><\/p>\n","protected":false},"excerpt":{"rendered":"<p><!-- wp:html --><\/p>\n<p class=\"wedding-title\">\n  <strong>Duyen &amp; Lam<\/strong>\n<\/p>\n<p><!-- \/wp:html --><\/p>\n<p><!-- wp:paragraph {\"align\":\"center\",\"style\":{\"typography\":{\"fontSize\":\"22px\"}}} --><\/p>\n<p class=\"has-text-align-center\" style=\"font-size:22px\">Save t&#8230;<\/p>\n","protected":false},"author":1,"featured_media":0,"parent":0,"menu_order":0,"comment_status":"closed","ping_status":"closed","template":"","meta":{"footnotes":""},"class_list":["post-30","page","type-page","status-publish","hentry"],"_links":{"self":[{"href":"https:\/\/mywedding.chi-lam.de\/index.php?rest_route=\/wp\/v2\/pages\/30","targetHints":{"allow":["GET"]}}],"collection":[{"href":"https:\/\/mywedding.chi-lam.de\/index.php?rest_route=\/wp\/v2\/pages"}],"about":[{"href":"https:\/\/mywedding.chi-lam.de\/index.php?rest_route=\/wp\/v2\/types\/page"}],"author":[{"embeddable":true,"href":"https:\/\/mywedding.chi-lam.de\/index.php?rest_route=\/wp\/v2\/users\/1"}],"replies":[{"embeddable":true,"href":"https:\/\/mywedding.chi-lam.de\/index.php?rest_route=%2Fwp%2Fv2%2Fcomments&post=30"}],"version-history":[{"count":285,"href":"https:\/\/mywedding.chi-lam.de\/index.php?rest_route=\/wp\/v2\/pages\/30\/revisions"}],"predecessor-version":[{"id":569,"href":"https:\/\/mywedding.chi-lam.de\/index.php?rest_route=\/wp\/v2\/pages\/30\/revisions\/569"}],"wp:attachment":[{"href":"https:\/\/mywedding.chi-lam.de\/index.php?rest_route=%2Fwp%2Fv2%2Fmedia&parent=30"}],"curies":[{"name":"wp","href":"https:\/\/api.w.org\/{rel}","templated":true}]}}